{"id":102,"date":"2025-10-31T18:47:26","date_gmt":"2025-10-31T18:47:26","guid":{"rendered":"https:\/\/uhrensohn.ch\/?page_id=102"},"modified":"2025-11-03T14:22:59","modified_gmt":"2025-11-03T14:22:59","slug":"impressum","status":"publish","type":"page","link":"https:\/\/uhrensohn.ch\/index.php\/impressum\/","title":{"rendered":"Impressum"},"content":{"rendered":"\n<h3 class=\"wp-block-heading\"><strong>Impressum<\/strong><\/h3>\n\n\n\n<p><strong>Uhrensohn<\/strong> &#8211; <em>The Original Source of Time<\/em><\/p>\n\n\n\n<h3 class=\"wp-block-heading\"><strong>Angaben gem\u00e4\u00df \u00a7 18 ZG (Zeitgesetzbuch)<\/strong><\/h3>\n\n\n\n<p><strong>Firma:<\/strong><br>Uhrensohn AG<\/p>\n\n\n\n<p><strong>Sitz der Gesellschaft:<\/strong><br>CH\u20138135 Chronostadt<\/p>\n\n\n\n<p><strong>Postadresse:<\/strong><br>Zeitenweg 12<br>CH\u20138135 Chronostadt<br>Schweiz<\/p>\n\n\n\n<p><strong>Telefon:<\/strong><br>nicht n\u00f6tig. wir rufen sie an <em>bevor<\/em> Sie anrufen<\/p>\n\n\n\n<p><strong>E-Mail:<\/strong><br><a>kontakt@uhrensohn.ch<\/a><\/p>\n\n\n\n<p><strong>Vertreten durch:<\/strong><br>Vorstand Zeitwesen: Prof. Dr. h.c. mult. Horologius T. Sohn<br>Leiterin Quantenkommunikation: Dipl.-Ing. Minu Sekundar<br>Leitung Marketing: K. Uhrig<\/p>\n\n\n\n<p><strong>Handelsregister:<\/strong><br>Eingetragen im Handelsregister der Eidgen\u00f6ssischen Zeitverwaltung (EZV)<br>Registernummer: T\u201300010:08<\/p>\n\n\n\n<p><strong>Umsatzsteuer-ID:<\/strong><br>CH\u2013\u221e\u201300\u2013ZEIT\u201308<\/p>\n\n\n\n<h3 class=\"wp-block-heading\"><strong>haftungsausschluss<\/strong><\/h3>\n\n\n\n<p>Egal was war &#8211; wir waren es nicht.Trotz sorgf\u00e4ltiger inhaltlicher Kontrolle \u00fcbernehmen wir keine Haftung. f\u00fcr die Korrektheit, Vollst\u00e4ndigkeit oder Aktualit\u00e4t der Zeit. Die dargestellten Uhren k\u00f6nnen temporale Anomalien enthalten. Links zu externen Zeitachsen liegen au\u00dferhalb unseres Einflussbereichs. Zum Zeitpunkt der Verlinkung befanden sie sich in derselben Gegenwart.<\/p>\n\n\n\n<h3 class=\"wp-block-heading\"><strong>uhrheberrecht<\/strong><\/h3>\n\n\n\n<p>Alle Inhalte dieser Website, insbesondere Zeitangaben, Zitate und momente, stehen unter chronometrischem Schutz. Vervielf\u00e4ltigungen sind nur mit schriftlicher Genehmigung und g\u00fcltigem Zeitstempel zul\u00e4ssig.<\/p>\n\n\n\n<h3 class=\"wp-block-heading\"><strong>streitbeilegung<\/strong><\/h3>\n\n\n\n<p>egal was war &#8211; wir waren es nicht. Bei zeitlichen Differenzen bem\u00fchen wir uns um au\u00dfergerichtliche Einigung. Falls erforderlich, kann ein <strong>Temporalgericht<\/strong> angerufen werden. Ort der Verhandlung ist jeweils <em>jetzt<\/em>. <\/p>\n\n\n\n<p><br><strong>Uhrensohn AG<\/strong><br>CH\u20138135 Chronostadt<br>Schweiz<br><em>\u201eVertrauen Sie uns. Wir tun es auch. Irgendwie.\u201c<\/em><\/p>\n","protected":false},"excerpt":{"rendered":"<p>Impressum Uhrensohn &#8211; The Original Source of Time Angaben gem\u00e4\u00df \u00a7 18 ZG (Zeitgesetzbuch) Firma:Uhrensohn AG Sitz der Gesellschaft:CH\u20138135 Chronostadt Postadresse:Zeitenweg 12CH\u20138135 ChronostadtSchweiz Telefon:nicht n\u00f6tig. wir rufen sie an bevor Sie anrufen E-Mail:kontakt@uhrensohn.ch Vertreten durch:Vorstand Zeitwesen: Prof. Dr. h.c. mult. Horologius T. SohnLeiterin Quantenkommunikation: Dipl.-Ing. Minu SekundarLeitung Marketing: K. Uhrig Handelsregister:Eingetragen im Handelsregister der Eidgen\u00f6ssischen [&hellip;]<\/p>\n","protected":false},"author":1,"featured_media":0,"parent":0,"menu_order":0,"comment_status":"closed","ping_status":"closed","template":"","meta":{"footnotes":""},"class_list":["post-102","page","type-page","status-publish","hentry"],"blocksy_meta":[],"_links":{"self":[{"href":"https:\/\/uhrensohn.ch\/index.php\/wp-json\/wp\/v2\/pages\/102","targetHints":{"allow":["GET"]}}],"collection":[{"href":"https:\/\/uhrensohn.ch\/index.php\/wp-json\/wp\/v2\/pages"}],"about":[{"href":"https:\/\/uhrensohn.ch\/index.php\/wp-json\/wp\/v2\/types\/page"}],"author":[{"embeddable":true,"href":"https:\/\/uhrensohn.ch\/index.php\/wp-json\/wp\/v2\/users\/1"}],"replies":[{"embeddable":true,"href":"https:\/\/uhrensohn.ch\/index.php\/wp-json\/wp\/v2\/comments?post=102"}],"version-history":[{"count":6,"href":"https:\/\/uhrensohn.ch\/index.php\/wp-json\/wp\/v2\/pages\/102\/revisions"}],"predecessor-version":[{"id":140,"href":"https:\/\/uhrensohn.ch\/index.php\/wp-json\/wp\/v2\/pages\/102\/revisions\/140"}],"wp:attachment":[{"href":"https:\/\/uhrensohn.ch\/index.php\/wp-json\/wp\/v2\/media?parent=102"}],"curies":[{"name":"wp","href":"https:\/\/api.w.org\/{rel}","templated":true}]}}