{"id":31,"date":"2025-10-22T04:49:18","date_gmt":"2025-10-22T04:49:18","guid":{"rendered":"https:\/\/uhrensohn.ch\/?page_id=31"},"modified":"2025-10-31T16:47:53","modified_gmt":"2025-10-31T16:47:53","slug":"31-2","status":"publish","type":"page","link":"https:\/\/uhrensohn.ch\/","title":{"rendered":"Startseite"},"content":{"rendered":"\n<h3 class=\"wp-block-heading\"><\/h3>\n\n\n\n<p>seit generationen folgen wir einer einfachen vision: <br><strong>die zeit nicht nur zu messen \u2013 sondern zu beherrschen.<\/strong><\/p>\n\n\n\n<p>unsere ingenieure, designer und philosophen arbeiten hand in hand, um produkte zu schaffen, welche so pr\u00e4zise sind, dass selbst die realit\u00e4t M\u00fche hat, schritt zu halten. von der klassischen mechanik bis zur quantenbasierten cloud-infrastruktur vereint uhrensohn alles, was die menschheit \u00fcber zeit weiss \u2013 und einiges, was sie lieber nicht wissen sollte.<\/p>\n\n\n\n<h5 class=\"wp-block-heading\"><strong>unsere philosophie<\/strong><\/h5>\n\n\n\n<p>zeit ist keine linie.<br>zeit ist eine haltung.<\/p>\n\n\n\n<p>bei uhrensohn glauben wir, dass fortschritt dort beginnt, wo verst\u00e4ndnis aufh\u00f6rt.<br>wir entwickeln technologien, die Sie nicht verstehen m\u00fcssen \u2013 nur f\u00fchlen.<br>erleben Sie die zeit neu.<\/p>\n\n\n\n<p><\/p>\n\n\n\n<p><strong>uhrensohn\u2122<\/strong> \u2013<br>f\u00fcr alle, die nicht wissen, <em>wann<\/em>, aber <em>dass<\/em> sie es sind.<\/p>\n\n\n\n<p><\/p>\n\n\n\n<blockquote class=\"wp-block-quote is-layout-flow wp-block-quote-is-layout-flow\">\n<p class=\"has-medium-font-size\"><em>\u201edie zeit geh\u00f6rt den mutigen.\u201c<\/em><br>\u2014 dr. magnus uhrensohn, gr\u00fcnder (angeblich)<\/p>\n<\/blockquote>\n\n\n\n<p><\/p>\n","protected":false},"excerpt":{"rendered":"<p>seit generationen folgen wir einer einfachen vision: die zeit nicht nur zu messen \u2013 sondern zu beherrschen. unsere ingenieure, designer und philosophen arbeiten hand in hand, um produkte zu schaffen, welche so pr\u00e4zise sind, dass selbst die realit\u00e4t M\u00fche hat, schritt zu halten. von der klassischen mechanik bis zur quantenbasierten cloud-infrastruktur vereint uhrensohn alles, was [&hellip;]<\/p>\n","protected":false},"author":1,"featured_media":0,"parent":0,"menu_order":0,"comment_status":"closed","ping_status":"closed","template":"","meta":{"footnotes":""},"class_list":["post-31","page","type-page","status-publish","hentry"],"blocksy_meta":[],"_links":{"self":[{"href":"https:\/\/uhrensohn.ch\/index.php\/wp-json\/wp\/v2\/pages\/31","targetHints":{"allow":["GET"]}}],"collection":[{"href":"https:\/\/uhrensohn.ch\/index.php\/wp-json\/wp\/v2\/pages"}],"about":[{"href":"https:\/\/uhrensohn.ch\/index.php\/wp-json\/wp\/v2\/types\/page"}],"author":[{"embeddable":true,"href":"https:\/\/uhrensohn.ch\/index.php\/wp-json\/wp\/v2\/users\/1"}],"replies":[{"embeddable":true,"href":"https:\/\/uhrensohn.ch\/index.php\/wp-json\/wp\/v2\/comments?post=31"}],"version-history":[{"count":10,"href":"https:\/\/uhrensohn.ch\/index.php\/wp-json\/wp\/v2\/pages\/31\/revisions"}],"predecessor-version":[{"id":141,"href":"https:\/\/uhrensohn.ch\/index.php\/wp-json\/wp\/v2\/pages\/31\/revisions\/141"}],"wp:attachment":[{"href":"https:\/\/uhrensohn.ch\/index.php\/wp-json\/wp\/v2\/media?parent=31"}],"curies":[{"name":"wp","href":"https:\/\/api.w.org\/{rel}","templated":true}]}}